{"id":45,"date":"2019-09-01T08:46:23","date_gmt":"2019-09-01T08:46:23","guid":{"rendered":"https:\/\/demo.casethemes.net\/induxe\/?page_id=45"},"modified":"2026-02-06T17:15:48","modified_gmt":"2026-02-06T14:15:48","slug":"home","status":"publish","type":"page","link":"https:\/\/oxy-tech.com.tr\/tr\/","title":{"rendered":"Anasayfa"},"content":{"rendered":"<div class=\"wpb-content-wrapper\"><p>[vc_row][vc_column css=&#8221;.vc_custom_1572536894013{padding-top: 0px !important;}&#8221;]\n\t\t\t\t<p class=\"rs-p-wp-fix\"><\/p>\n\t\t\t\t<sr7-module data-alias=\"slider-beer-11\" data-id=\"18\" id=\"SR7_18_1\" class=\"rs-ov-hidden\" data-version=\"6.7.37\">\n\t\t\t\t\t<sr7-adjuster><\/sr7-adjuster>\n\t\t\t\t\t<sr7-content>\n\t\t\t\t\t\t<sr7-slide id=\"SR7_18_1-36\" data-key=\"36\">\n\t\t\t\t\t\t\t<sr7-bg id=\"SR7_18_1-36-5\" class=\"sr7-layer\"><noscript><img decoding=\"async\" src=\"https:\/\/oxy-tech.com.tr\/wp-content\/uploads\/2026\/01\/s1.jpg\" alt=\"\" title=\"s1\"><\/noscript><\/sr7-bg>\n\t\t\t\t\t\t\t<sr7-txt id=\"SR7_18_1-36-1\" class=\"sr7-layer\">MBBR \u00c7\u00f6z\u00fcmlerinde <br> G\u00fcvenilir \nOrta\u011f\u0131n\u0131z<\/sr7-txt>\n\t\t\t\t\t\t\t<sr7-txt id=\"SR7_18_1-36-4\" class=\"sr7-layer\">Oxy-Tech, y\u00fcksek standart ve kaliteye sahip Oxy-Film MBBR medyalar\u0131n\u0131 \u00fcretmektedir.<\/sr7-txt>\n\t\t\t\t\t\t<\/sr7-slide>\n\t\t\t\t\t\t<sr7-slide id=\"SR7_18_1-62\" data-key=\"62\">\n\t\t\t\t\t\t<\/sr7-slide>\n\t\t\t\t\t<\/sr7-content>\n\t\t\t\t\t<image_lists style=\"display:none\">\n\t\t\t\t\t\t<img data-src=\"\/\/oxy-tech.com.tr\/wp-content\/uploads\/2026\/01\/s1.jpg\" data-libid=\"3449\" data-lib=\"medialibrary\" title=\"s1\" width=\"0\" height=\"0\" data-dbsrc=\"Ly9veHktdGVjaC5jb20udHIvd3AtY29udGVudC91cGxvYWRzLzIwMjYvMDEvczEuanBn\"\/>\n\t\t\t\t\t<\/image_lists>\n\t\t\t\t<\/sr7-module>\n\t\t\t\t<script>\n\t\t\t\t\tSR7.PMH ??={}; SR7.PMH[\"SR7_18_1\"] = {cn:100,state:false,fn: function() { if (_tpt!==undefined && _tpt.prepareModuleHeight !== undefined) {  _tpt.prepareModuleHeight({id:\"SR7_18_1\",el:[755,755,700,700,431],type:'standard',shdw:'0',gh:[755,755,623,473,292],gw:[1240,1240,1024,778,480],vpt:['-100px'],size:{fullWidth:true, fullHeight:false},mh:'0',onh:0,onw:0,bg:{color:'{\"orig\":\"transparent\",\"type\":\"solid\",\"string\":\"transparent\"}'},plType:'0',plColor:'#FFFFFF'});   SR7.PMH[\"SR7_18_1\"].state=true;} else if(SR7.PMH[\"SR7_18_1\"].cn-->0)\tsetTimeout( SR7.PMH[\"SR7_18_1\"].fn,19);}};SR7.PMH[\"SR7_18_1\" ].fn();\n\t\t\t\t<\/script>\n[\/vc_column][\/vc_row][vc_row full_width=&#8221;stretch_row&#8221;][vc_column width=&#8221;1\/2&#8243; css=&#8221;.vc_custom_1571938561541{padding-top: 0px !important;}&#8221;][vc_single_image image=&#8221;3244&#8243; img_size=&#8221;full&#8221; style=&#8221;vc_box_rounded&#8221; css_animation=&#8221;fadeInUp&#8221; css=&#8221;.vc_custom_1767436610849{margin-top: 35px !important;}&#8221;][\/vc_column][vc_column width=&#8221;1\/2&#8243;][ct_space space_lg=&#8221;87&#8243; space_md=&#8221;87&#8243; space_sm=&#8221;60&#8243; space_xs=&#8221;0&#8243;][ct_heading text=&#8221;Oxy-Film Mbbr Medya&#8221; font_weight=&#8221;&#8221; font_style=&#8221;&#8221; text_color=&#8221;#0C2F46&#8243; des_font_weight=&#8221;&#8221;][ct_heading text=&#8221;Ar\u0131tma Verimlili\u011finde Yeni Standart&#8221; font_weight=&#8221;&#8221; font_style=&#8221;&#8221; text_color=&#8221;#0F3947&#8243; des_font_weight=&#8221;&#8221;][vc_column_text css=&#8221;&#8221;]<\/p>\n<p style=\"text-align: justify;\">Oxy-Tech taraf\u0131ndan \u00fcretilen Oxy-Film MBBR medya, biyolojik verimlili\u011fi en \u00fcst d\u00fczeye \u00e7\u0131karmak \u00fczere tasarlanm\u0131\u015ft\u0131r. Geni\u015f \u00f6zg\u00fcl y\u00fczey alan\u0131 sayesinde daha fazla bakterinin tutunmas\u0131na olanak tan\u0131r ve b\u00f6ylece genel ar\u0131tma performans\u0131n\u0131 art\u0131r\u0131r. Dayan\u0131kl\u0131 malzemelerden \u00fcretilen Oxy-Film, uzun bir kullan\u0131m \u00f6mr\u00fc sunar. Optimize edilmi\u015f tasar\u0131m\u0131 enerji t\u00fcketimini azalt\u0131r ve i\u015fletme maliyetlerini d\u00fc\u015f\u00fcr\u00fcrken, kolay entegrasyon \u00f6zelli\u011fi sayesinde hem yeni hem de mevcut sistemlere sorunsuz \u015fekilde uyum sa\u011flar. Ayr\u0131ca yerli \u00fcretimin g\u00fcc\u00fcyle h\u0131zl\u0131 teslimat ve rekabet\u00e7i fiyat avantajlar\u0131 sunar.<\/p>\n<p>[\/vc_column_text][ct_button_double button_text=&#8221;Teknik Veri Sayfas\u0131&#8221; button_link=&#8221;url:https%3A%2F%2Foxy-tech.com.tr%2Ftr%2Fwp-content%2Fuploads%2F2026%2F02%2FOXY-TECH_TR.pdf&#8221; button_text2=&#8221;Oxy-Film&#8221; button_link2=&#8221;url:https%3A%2F%2Foxy-tech.com.tr%2Ftr%2Foxy-film%2F|title:Oxy-Film&#8221; el_class=&#8221;double-button-custom&#8221;][\/vc_column][\/vc_row][vc_row parallax=&#8221;content-moving&#8221; parallax_image=&#8221;2576&#8243; parallax_speed_bg=&#8221;1.3&#8243; css=&#8221;.vc_custom_1767445338103{padding-top: 20px !important;}&#8221;][vc_column width=&#8221;1\/2&#8243; bg_image_column_position=&#8221;bg-image-cl-ps-center&#8221; css=&#8221;.vc_custom_1767445090742{padding-bottom: 40px !important;background-image: url(https:\/\/oxy-tech.com.tr\/tr\/wp-content\/uploads\/2026\/01\/bg0001.jpg?id=3454) !important;border-radius: 10px !important;}&#8221;][ct_space space_lg=&#8221;30&#8243; space_md=&#8221;40&#8243; space_sm=&#8221;30&#8243; space_xs=&#8221;20&#8243;][vc_column_text css=&#8221;&#8221;]<\/p>\n<h2 style=\"text-align: justify; color: white;\">Biz Kimiz?<\/h2>\n<p>[\/vc_column_text][vc_column_text css=&#8221;&#8221;]<\/p>\n<p style=\"text-align: justify; color: white;\">Deneyimli m\u00fchendisler taraf\u0131ndan kurulan \u015firketimiz, Oxy-Film MBBR biyomedya \u00fcretmektedir. Misyonumuz, kalite ve \u00e7evresel sorumlulu\u011fu birle\u015ftiren g\u00fcvenilir at\u0131k su ar\u0131tma \u00e7\u00f6z\u00fcmleri sunmakt\u0131r.<\/p>\n<p style=\"text-align: justify; color: white;\">OxyTech olarak, 20&#8217;den fazla \u00fclkeye ihracat yap\u0131yoruz ve fabrikam\u0131z, sertifikalar\u0131m\u0131z ve s\u00fcrekli b\u00fcy\u00fcyen referanslar\u0131m\u0131zla kalitemizi s\u00fcrekli olarak geli\u015ftirmeyi hedefliyoruz.<\/p>\n<p>[\/vc_column_text][ct_button_double button_text=&#8221;Kurumsal&#8221; button_link=&#8221;url:https%3A%2F%2Foxy-tech.com.tr%2Ftr%2Fcorporate%2F|title:Corporate&#8221; button_text2=&#8221;Bize Ula\u015f\u0131n&#8221; button_link2=&#8221;url:https%3A%2F%2Foxy-tech.com.tr%2Ftr%2Fcontact%2F|title:Contact&#8221; button_style=&#8221;btn-moema&#8221; el_class=&#8221;double-button-custom&#8221;][\/vc_column][vc_column width=&#8221;1\/2&#8243; css=&#8221;.vc_custom_1767445224049{padding-top: 0px !important;}&#8221;][ct_space space_lg=&#8221;0&#8243; space_md=&#8221;0&#8243; space_sm=&#8221;0&#8243; space_xs=&#8221;20&#8243;][vc_single_image image=&#8221;3456&#8243; img_size=&#8221;full&#8221; style=&#8221;vc_box_rounded&#8221; css=&#8221;.vc_custom_1767445204574{padding-top: 0px !important;}&#8221;][\/vc_column][\/vc_row][vc_row full_width=&#8221;stretch_row&#8221;][vc_column width=&#8221;3\/5&#8243; css=&#8221;.vc_custom_1571938561541{padding-top: 0px !important;}&#8221;][vc_single_image image=&#8221;3497&#8243; img_size=&#8221;full&#8221; style=&#8221;vc_box_rounded&#8221; css_animation=&#8221;fadeInUp&#8221; css=&#8221;.vc_custom_1767445570327{margin-top: 35px !important;}&#8221;][\/vc_column][vc_column width=&#8221;2\/5&#8243;][ct_space space_lg=&#8221;87&#8243; space_md=&#8221;87&#8243; space_sm=&#8221;60&#8243; space_xs=&#8221;0&#8243;][ct_heading text=&#8221;Oxy-Film MBBR ile G\u00fcvenilir At\u0131k Su Ar\u0131t\u0131m\u0131&#8221; font_weight=&#8221;&#8221; font_style=&#8221;&#8221; text_color=&#8221;#0C2F46&#8243; des_font_weight=&#8221;&#8221;][vc_column_text css=&#8221;&#8221;]<\/p>\n<p style=\"text-align: justify;\">Oxy-Tech taraf\u0131ndan geli\u015ftirilen Oxy-Film MBBR biyomedya, \u00e7ok \u00e7e\u015fitli end\u00fcstrilerde y\u00fcksek verimli ve s\u00fcrd\u00fcr\u00fclebilir at\u0131ksu ar\u0131t\u0131m\u0131 sa\u011flar. Kapasiteyi ve enerji verimlili\u011fini art\u0131rmak \u00fczere tasarlanan bu sistem, ek bir altyap\u0131 gerektirmeden organik kirlili\u011fin ve azotun g\u00fcvenilir \u015fekilde giderilmesini sa\u011flar.<\/p>\n<p>[\/vc_column_text][ct_button button_text=&#8221;\u00c7\u00f6z\u00fcmler&#8221; button_link=&#8221;url:https%3A%2F%2Foxy-tech.com.tr%2Ftr%2Fsolutions%2F|title:Solutions&#8221;][\/vc_column][\/vc_row][vc_row full_width=&#8221;stretch_row&#8221;][vc_column css=&#8221;.vc_custom_1570555043060{padding-top: 0px !important;}&#8221;][ct_space space_lg=&#8221;87&#8243; space_md=&#8221;87&#8243; space_sm=&#8221;60&#8243; space_xs=&#8221;50&#8243;][vc_row_inner][vc_column_inner width=&#8221;1\/6&#8243;][\/vc_column_inner][vc_column_inner width=&#8221;2\/3&#8243;][\/vc_column_inner][vc_column_inner width=&#8221;1\/6&#8243;][\/vc_column_inner][\/vc_row_inner][ct_blog_carousel cms_template=&#8221;ct_blog_carousel&#8211;layout3.php&#8221; col_xs=&#8221;1&#8243; col_sm=&#8221;2&#8243; col_md=&#8221;3&#8243; col_lg=&#8221;3&#8243; col_xl=&#8221;3&#8243; loop=&#8221;true&#8221; autoplay=&#8221;true&#8221;][\/vc_column][\/vc_row]<\/p>\n<\/div>","protected":false},"excerpt":{"rendered":"<p>[vc_row][vc_column css=&#8221;.vc_custom_1572536894013{padding-top: 0px !important;}&#8221;][\/vc_column][\/vc_row][vc_row full_width=&#8221;stretch_row&#8221;][vc_column width=&#8221;1\/2&#8243; css=&#8221;.vc_custom_1571938561541{padding-top: 0px !important;}&#8221;][vc_single_image image=&#8221;3244&#8243; img_size=&#8221;full&#8221; style=&#8221;vc_box_rounded&#8221; css_animation=&#8221;fadeInUp&#8221; css=&#8221;.vc_custom_1767436610849{margin-top: 35px !important;}&#8221;][\/vc_column][vc_column width=&#8221;1\/2&#8243;][ct_space space_lg=&#8221;87&#8243; space_md=&#8221;87&#8243; space_sm=&#8221;60&#8243; space_xs=&#8221;0&#8243;][ct_heading text=&#8221;Oxy-Film Mbbr Medya&#8221; font_weight=&#8221;&#8221; font_style=&#8221;&#8221; text_color=&#8221;#0C2F46&#8243; des_font_weight=&#8221;&#8221;][ct_heading text=&#8221;Ar\u0131tma Verimlili\u011finde Yeni Standart&#8221; font_weight=&#8221;&#8221; font_style=&#8221;&#8221; text_color=&#8221;#0F3947&#8243; des_font_weight=&#8221;&#8221;][vc_column_text css=&#8221;&#8221;] Oxy-Tech taraf\u0131ndan \u00fcretilen Oxy-Film MBBR medya, biyolojik verimlili\u011fi en \u00fcst d\u00fczeye \u00e7\u0131karmak \u00fczere tasarlanm\u0131\u015ft\u0131r. Geni\u015f \u00f6zg\u00fcl y\u00fczey alan\u0131 [&hellip;]<\/p>\n","protected":false},"author":1,"featured_media":0,"parent":0,"menu_order":0,"comment_status":"closed","ping_status":"closed","template":"","meta":{"footnotes":""},"class_list":["post-45","page","type-page","status-publish","hentry"],"_links":{"self":[{"href":"https:\/\/oxy-tech.com.tr\/tr\/wp-json\/wp\/v2\/pages\/45","targetHints":{"allow":["GET"]}}],"collection":[{"href":"https:\/\/oxy-tech.com.tr\/tr\/wp-json\/wp\/v2\/pages"}],"about":[{"href":"https:\/\/oxy-tech.com.tr\/tr\/wp-json\/wp\/v2\/types\/page"}],"author":[{"embeddable":true,"href":"https:\/\/oxy-tech.com.tr\/tr\/wp-json\/wp\/v2\/users\/1"}],"replies":[{"embeddable":true,"href":"https:\/\/oxy-tech.com.tr\/tr\/wp-json\/wp\/v2\/comments?post=45"}],"version-history":[{"count":117,"href":"https:\/\/oxy-tech.com.tr\/tr\/wp-json\/wp\/v2\/pages\/45\/revisions"}],"predecessor-version":[{"id":3816,"href":"https:\/\/oxy-tech.com.tr\/tr\/wp-json\/wp\/v2\/pages\/45\/revisions\/3816"}],"wp:attachment":[{"href":"https:\/\/oxy-tech.com.tr\/tr\/wp-json\/wp\/v2\/media?parent=45"}],"curies":[{"name":"wp","href":"https:\/\/api.w.org\/{rel}","templated":true}]}}